{"id":1546,"date":"2024-08-04T16:11:38","date_gmt":"2024-08-04T14:11:38","guid":{"rendered":"https:\/\/www.paris-jardins.fr\/?page_id=1546"},"modified":"2026-03-21T10:15:52","modified_gmt":"2026-03-21T09:15:52","slug":"documentations-ahpj","status":"publish","type":"page","link":"https:\/\/www.paris-jardins.fr\/index.php\/documentations-ahpj\/","title":{"rendered":"Documentations AHPJ"},"content":{"rendered":"\t\t<div data-elementor-type=\"wp-page\" data-elementor-id=\"1546\" class=\"elementor elementor-1546\">\n\t\t\t\t<div class=\"elementor-element elementor-element-30e0688 e-flex e-con-boxed e-con e-parent\" data-id=\"30e0688\" data-element_type=\"container\" data-e-type=\"container\">\n\t\t\t\t\t<div class=\"e-con-inner\">\n\t\t\t\t<div class=\"elementor-element elementor-element-defa0e8 elementor-widget elementor-widget-spacer\" data-id=\"defa0e8\" data-element_type=\"widget\" data-e-type=\"widget\" data-widget_type=\"spacer.default\">\n\t\t\t\t<div class=\"elementor-widget-container\">\n\t\t\t\t\t\t\t<div class=\"elementor-spacer\">\n\t\t\t<div class=\"elementor-spacer-inner\"><\/div>\n\t\t<\/div>\n\t\t\t\t\t\t<\/div>\n\t\t\t\t<\/div>\n\t\t<div class=\"elementor-element elementor-element-2d03a83 e-grid e-con-full e-con e-child\" data-id=\"2d03a83\" data-element_type=\"container\" data-e-type=\"container\">\n\t\t\t\t<div class=\"elementor-element elementor-element-72cedd3 elementor-widget elementor-widget-text-editor\" data-id=\"72cedd3\" data-element_type=\"widget\" data-e-type=\"widget\" data-widget_type=\"text-editor.default\">\n\t\t\t\t<div class=\"elementor-widget-container\">\n\t\t\t\t\t\t\t\t\t<div class=\"et_pb_row et_pb_row_0\"><div class=\"et_pb_column et_pb_column_4_4 et_pb_column_0 et_pb_css_mix_blend_mode_passthrough et-last-child\"><div class=\"et_pb_module et_pb_text et_pb_text_0 et_pb_text_align_left et_pb_bg_layout_light\"><div class=\"et_pb_text_inner\"><ul class=\"font_7\"><li><p class=\"font_8\"><a href=\"https:\/\/paris-jardins.net\/AHPJ\/wp-content\/uploads\/2021\/02\/d7c358_8fda1cec22ab4f3baf5c97eb665c3807.pdf\" target=\"_blank\" rel=\"noopener\">Paris-Jardins a\u0300 Draveil<\/a>\u00a0\u00a0\u00a0cliquer sur le titre soulign\u00e9 pour voir apparaitre le texte<\/p><\/li><\/ul><p>Attraction de la gare de Juvisy et mobilite\u0301 re\u0301sidentielle des Parisiens vers la banlieue moyenne<\/p><p>\u00a0Serge Bianchi Professeur e\u0301me\u0301rite de l\u2019universite\u0301, pre\u0301sident du Cercle litte\u0301raire et historique de Draveil<\/p><p class=\"font_8\">\u00a0 \u00a0 \u00a0 \u00a0<a href=\"http:\/\/www.maisondebanlieue.fr\/\" target=\"_blank\" rel=\"nofollow noopener\">http:\/\/www.maisondebanlieue.fr\/<\/a><\/p><\/div><\/div><\/div><\/div><div class=\"et_pb_row et_pb_row_1\"><div class=\"et_pb_column et_pb_column_3_5 et_pb_column_1 et_pb_css_mix_blend_mode_passthrough\"><div class=\"et_pb_module et_pb_text et_pb_text_1 et_pb_text_align_left et_pb_bg_layout_light\"><div class=\"et_pb_text_inner\"><h5>Draveil d\u2019hier \u00e0 aujourd\u2019hui\u00a0:\u00a0Paris-Jardins.<\/h5><p>Film r\u00e9alis\u00e9 par Eric Burel,\u00a0con\u00e7u \u00e0 partir de vieilles cartes postales (hier) et de vid\u00e9os ( aujourd\u2019hui).<\/p><p><strong>Vid\u00e9o r\u00e9alis\u00e9e avec l&#8217;association r\u00e9gionale des cit\u00e9s Jardins d&#8217;IDF<\/strong><\/p><\/div><\/div><\/div><\/div>\t\t\t\t\t\t\t\t<\/div>\n\t\t\t\t<\/div>\n\t\t\t\t<div class=\"elementor-element elementor-element-435f5dd elementor-widget elementor-widget-video\" data-id=\"435f5dd\" data-element_type=\"widget\" data-e-type=\"widget\" data-settings=\"{&quot;youtube_url&quot;:&quot;https:\\\/\\\/www.youtube.com\\\/watch?v=tHIENveZXyg&amp;ab_channel=EricBurel&quot;,&quot;video_type&quot;:&quot;youtube&quot;,&quot;controls&quot;:&quot;yes&quot;}\" data-widget_type=\"video.default\">\n\t\t\t\t<div class=\"elementor-widget-container\">\n\t\t\t\t\t\t\t<div class=\"elementor-wrapper elementor-open-inline\">\n\t\t\t<div class=\"elementor-video\"><\/div>\t\t<\/div>\n\t\t\t\t\t\t<\/div>\n\t\t\t\t<\/div>\n\t\t\t\t<\/div>\n\t\t\t\t\t<\/div>\n\t\t\t\t<\/div>\n\t\t<div class=\"elementor-element elementor-element-516efe5 e-flex e-con-boxed e-con e-parent\" data-id=\"516efe5\" data-element_type=\"container\" data-e-type=\"container\">\n\t\t\t\t\t<div class=\"e-con-inner\">\n\t\t<div class=\"elementor-element elementor-element-bf71fb3 e-con-full e-flex e-con e-child\" data-id=\"bf71fb3\" data-element_type=\"container\" data-e-type=\"container\">\n\t\t\t\t<\/div>\n\t\t<div class=\"elementor-element elementor-element-e9f1800 e-con-full e-flex e-con e-child\" data-id=\"e9f1800\" data-element_type=\"container\" data-e-type=\"container\">\n\t\t\t\t<\/div>\n\t\t\t\t<div class=\"elementor-element elementor-element-34b05ac elementor-widget elementor-widget-video\" data-id=\"34b05ac\" data-element_type=\"widget\" data-e-type=\"widget\" data-settings=\"{&quot;video_type&quot;:&quot;hosted&quot;,&quot;controls&quot;:&quot;yes&quot;}\" data-widget_type=\"video.default\">\n\t\t\t\t<div class=\"elementor-widget-container\">\n\t\t\t\t\t\t\t<div class=\"e-hosted-video elementor-wrapper elementor-open-inline\">\n\t\t\t\t\t<video class=\"elementor-video\" src=\"https:\/\/www.paris-jardins.fr\/wp-content\/uploads\/2024\/08\/Association-regionale-des-cites-jardins-dIDF_20240805_5-1.mp4\" controls=\"\" preload=\"metadata\" controlsList=\"nodownload\"><\/video>\n\t\t\t\t<\/div>\n\t\t\t\t\t\t<\/div>\n\t\t\t\t<\/div>\n\t\t\t\t\t<\/div>\n\t\t\t\t<\/div>\n\t\t\t\t<\/div>\n\t\t","protected":false},"excerpt":{"rendered":"<p>Paris-Jardins \u00e0 Draveil\u00a0\u00a0\u00a0cliquer sur le titre soulign\u00e9 pour voir apparaitre le texte Attraction de la gare de Juvisy et mobilit\u00e9 r\u00e9sidentielle des Parisiens vers la banlieue moyenne \u00a0Serge Bianchi Professeur \u00e9m\u00e9rite de l\u2019universit\u00e9, pr\u00e9sident du Cercle litt\u00e9raire et historique de Draveil \u00a0 \u00a0 \u00a0 \u00a0http:\/\/www.maisondebanlieue.fr\/ Draveil d\u2019hier \u00e0 aujourd\u2019hui\u00a0:\u00a0Paris-Jardins. Film r\u00e9alis\u00e9 par Eric Burel,\u00a0con\u00e7u \u00e0 &hellip;<\/p>\n<p class=\"read-more\"> <a class=\"\" href=\"https:\/\/www.paris-jardins.fr\/index.php\/documentations-ahpj\/\"> <span class=\"screen-reader-text\">Documentations AHPJ<\/span> Lire la suite\u00a0\u00bb<\/a><\/p>\n","protected":false},"author":474,"featured_media":0,"parent":0,"menu_order":0,"comment_status":"closed","ping_status":"closed","template":"","meta":{"site-sidebar-layout":"no-sidebar","site-content-layout":"page-builder","ast-site-content-layout":"full-width-container","site-content-style":"default","site-sidebar-style":"default","ast-global-header-display":"","ast-banner-title-visibility":"","ast-main-header-display":"","ast-hfb-above-header-display":"","ast-hfb-below-header-display":"","ast-hfb-mobile-header-display":"","site-post-title":"disabled","ast-breadcrumbs-content":"","ast-featured-img":"disabled","footer-sml-layout":"","theme-transparent-header-meta":"","adv-header-id-meta":"","stick-header-meta":"","header-above-stick-meta":"","header-main-stick-meta":"","header-below-stick-meta":"","astra-migrate-meta-layouts":"set","footnotes":""},"class_list":["post-1546","page","type-page","status-publish","hentry"],"_links":{"self":[{"href":"https:\/\/www.paris-jardins.fr\/index.php\/wp-json\/wp\/v2\/pages\/1546","targetHints":{"allow":["GET"]}}],"collection":[{"href":"https:\/\/www.paris-jardins.fr\/index.php\/wp-json\/wp\/v2\/pages"}],"about":[{"href":"https:\/\/www.paris-jardins.fr\/index.php\/wp-json\/wp\/v2\/types\/page"}],"author":[{"embeddable":true,"href":"https:\/\/www.paris-jardins.fr\/index.php\/wp-json\/wp\/v2\/users\/474"}],"replies":[{"embeddable":true,"href":"https:\/\/www.paris-jardins.fr\/index.php\/wp-json\/wp\/v2\/comments?post=1546"}],"version-history":[{"count":20,"href":"https:\/\/www.paris-jardins.fr\/index.php\/wp-json\/wp\/v2\/pages\/1546\/revisions"}],"predecessor-version":[{"id":2407,"href":"https:\/\/www.paris-jardins.fr\/index.php\/wp-json\/wp\/v2\/pages\/1546\/revisions\/2407"}],"wp:attachment":[{"href":"https:\/\/www.paris-jardins.fr\/index.php\/wp-json\/wp\/v2\/media?parent=1546"}],"curies":[{"name":"wp","href":"https:\/\/api.w.org\/{rel}","templated":true}]}}